{"id":995,"date":"2024-08-13T11:43:23","date_gmt":"2024-08-13T16:43:23","guid":{"rendered":"https:\/\/cluubi.com\/about\/"},"modified":"2024-12-10T21:17:24","modified_gmt":"2024-12-11T02:17:24","slug":"about","status":"publish","type":"page","link":"https:\/\/cluubi.com\/en\/about\/","title":{"rendered":"About"},"content":{"rendered":"<div class=\"wp-block-uagb-container uagb-block-b58a6857 alignfull uagb-is-root-container\"><div class=\"uagb-container-inner-blocks-wrap\">\n<div class=\"wp-block-uagb-info-box uagb-block-f3a95d72 uagb-infobox__content-wrap  uagb-infobox-icon-above-title uagb-infobox-image-valign-top\"><div class=\"uagb-ifb-content\"><div class=\"uagb-ifb-title-wrap\"><span class=\"uagb-ifb-title-prefix\">Potenciando clubes y atletas con tecnolog\u00eda avanzada:<\/span><h1 class=\"uagb-ifb-title\">Revolucionando la gesti\u00f3n de academias y clubes deportivos<\/h1><\/div><\/div><\/div>\n<\/div><\/div>\n\n\n\n<div class=\"wp-block-uagb-container uagb-block-6180d998 alignfull uagb-is-root-container\"><div class=\"uagb-container-inner-blocks-wrap\">\n<div class=\"wp-block-uagb-container uag-hide-mob uagb-block-73803a7d\">\n<div class=\"wp-block-uagb-image uagb-block-72ae5be9 wp-block-uagb-image--layout-default wp-block-uagb-image--effect-static wp-block-uagb-image--align-none\"><figure class=\"wp-block-uagb-image__figure\"><img decoding=\"async\" srcset=\"https:\/\/cluubi.com\/wp-content\/uploads\/2024\/02\/mission-1-1024x432.jpg ,https:\/\/cluubi.com\/wp-content\/uploads\/2024\/02\/mission-1.jpg 780w, https:\/\/cluubi.com\/wp-content\/uploads\/2024\/02\/mission-1.jpg 360w\" sizes=\"(max-width: 480px) 150px\" src=\"https:\/\/cluubi.com\/wp-content\/uploads\/2024\/02\/mission-1-1024x432.jpg\" alt=\"\" class=\"uag-image-1051\" width=\"1024\" height=\"432\" title=\"mission\" loading=\"lazy\" role=\"img\"\/><\/figure><\/div>\n<\/div>\n\n\n\n<div class=\"wp-block-uagb-container uagb-block-a106220a\">\n<div class=\"wp-block-uagb-info-box uagb-block-c1796f0d uagb-infobox__content-wrap  uagb-infobox-icon-above-title uagb-infobox-image-valign-top\"><div class=\"uagb-ifb-content\"><div class=\"uagb-ifb-title-wrap\"><span class=\"uagb-ifb-title-prefix\"><strong>Sobre Nosotros<\/strong><\/span><h2 class=\"uagb-ifb-title\">Nuestra historia<\/h2><\/div><div class=\"uagb-ifb-separator\"><\/div><p class=\"uagb-ifb-desc\">La historia de cluubi comenz\u00f3 en las gradas de clubes y escuelas deportivas en el a\u00f1o 2020, mientras observ\u00e1bamos el esfuerzo de los administradores que, adem\u00e1s de fomentar el deporte, deb\u00edan gestionar cobros, coordinar eventos, organizar equipos y mantener una comunicaci\u00f3n constante con los padres y atletas. Pronto, nos dimos cuenta de que una herramienta tecnol\u00f3gica podr\u00eda aliviar esta carga y optimizar su trabajo diario.<br>Luego en abril del a\u00f1o 2023 ya habiendo salido de la pandemia de COVID-19 nos juntamos un equipo de expertos en dise\u00f1o y tecnolog\u00eda con un grupo de expertos en gesti\u00f3n deportiva, entre ellos los due\u00f1os de algunos clubes deportivos amigos para madurar y aterrizar la idea. As\u00ed naci\u00f3 cluubi en mayo del 2024 una plataforma dise\u00f1ada para administrar academias y clubes deportivos, que brinda soluciones accesibles para facilitar la administraci\u00f3n, mejorar la experiencia y permitirles a los clubes centrarse en lo m\u00e1s importante: el deporte y la comunidad. Nuestro compromiso es ofrecer una tecnolog\u00eda confiable y adaptable que simplifique su gesti\u00f3n, eliminando barreras y apoyando su crecimiento d\u00eda a d\u00eda.<\/p><\/div><\/div>\n<\/div>\n<\/div><\/div>\n\n\n\n<div class=\"wp-block-uagb-container uagb-block-4844c372 alignfull uagb-is-root-container\"><div class=\"uagb-container-inner-blocks-wrap\">\n<div class=\"wp-block-uagb-info-box uagb-block-10403128 uagb-infobox__content-wrap  uagb-infobox-icon-above-title uagb-infobox-image-valign-top\"><div class=\"uagb-ifb-content\"><div class=\"uagb-ifb-title-wrap\"><h2 class=\"uagb-ifb-title\">Nuestro prop\u00f3sito, aspiraci\u00f3n y principios<\/h2><\/div><div class=\"uagb-ifb-separator\"><\/div><\/div><\/div>\n\n\n\n<div class=\"wp-block-uagb-container uagb-block-cbeecd5d\">\n<div class=\"wp-block-uagb-info-box uagb-block-a485eae5 uagb-infobox__content-wrap  uagb-infobox-icon-above-title uagb-infobox-image-valign-top\"><div class=\"uagb-ifb-content\"><div class=\"uagb-ifb-title-wrap\"><span class=\"uagb-ifb-title-prefix\">NUESTRO  PROP\u00d3SITO:<\/span><h3 class=\"uagb-ifb-title\">Ser el aliado estrat\u00e9gico para el crecimiento de nuestros clientes impulsando el desarrollo deportivo de sus miembros con tecnolog\u00eda innovadora y compromiso con la excelencia.<\/h3><\/div><\/div><\/div>\n\n\n\n<div class=\"wp-block-uagb-separator uagb-block-a1163d07\"><div class=\"wp-block-uagb-separator__inner\" style=\"--my-background-image:\"><\/div><\/div>\n\n\n\n<div class=\"wp-block-uagb-info-box uagb-block-619321b6 uagb-infobox__content-wrap  uagb-infobox-icon-above-title uagb-infobox-image-valign-top\"><div class=\"uagb-ifb-content\"><div class=\"uagb-ifb-title-wrap\"><span class=\"uagb-ifb-title-prefix\">NuestrA ASPIRACION:<\/span><h3 class=\"uagb-ifb-title\">Ser la plataforma preferida de gesti\u00f3n de organizaciones deportivas por su facilidad de uso y valores agregados a un precio justo.<\/h3><\/div><p class=\"uagb-ifb-desc\"><br><\/p><\/div><\/div>\n\n\n\n<div class=\"wp-block-uagb-info-box uagb-block-a2ab0185 uagb-infobox__content-wrap  uagb-infobox-icon-above-title uagb-infobox-image-valign-top\"><div class=\"uagb-ifb-content\"><div class=\"uagb-ifb-title-wrap\"><span class=\"uagb-ifb-title-prefix\">Nuestros PRINCIPIOS:<\/span><h3 class=\"uagb-ifb-title\">1. Nos enfocamos en el cliente y los consideramos nuestros aliados<\/h3><\/div><p class=\"uagb-ifb-desc\">Somos apasionados por el deporte, nos emociona ser parte del crecimiento de deportistas, sus familias y los clubes, por elllo nos empe\u00f1amos en dar el mejor servicio y escuchar activamente las necesidades de nuestros clientes. Provocamos emociones positivas en nuestros clientes y sus miembros traduciendo sus necesidades en soluciones y servicios que mejoren su gesti\u00f3n y mejoran su experiencia y calidad de vida<br><\/p><\/div><\/div>\n\n\n\n<div class=\"wp-block-uagb-info-box uagb-block-628ec62c uagb-infobox__content-wrap  uagb-infobox-icon-above-title uagb-infobox-image-valign-top\"><div class=\"uagb-ifb-content\"><div class=\"uagb-ifb-title-wrap\"><h3 class=\"uagb-ifb-title\">2. Innovaci\u00f3n, experiencia y creatividad<\/h3><\/div><p class=\"uagb-ifb-desc\">Nuestras soluciones son innovadoras, promovemos el aporte de ideas que faciliten la interacci\u00f3n de nuestros productos y servicios con nuestros clientes y sus miembros, creamos valor y entedemos que esto nos permite fortalecer las relaciones a corto, mediano y largo plazo. Nuestras soluciones son intuitivas y f\u00e1ciles de manejar<br><\/p><\/div><\/div>\n\n\n\n<div class=\"wp-block-uagb-info-box uagb-block-6431504e uagb-infobox__content-wrap  uagb-infobox-icon-above-title uagb-infobox-image-valign-top\"><div class=\"uagb-ifb-content\"><div class=\"uagb-ifb-title-wrap\"><h3 class=\"uagb-ifb-title\">3. Agilidad, adaptabilidad y seguridad<\/h3><\/div><p class=\"uagb-ifb-desc\">La tecnolog\u00eda cambia de manera acelerada, nuestra tecnolog\u00eda nos permite adaptarnos a las necesidades de nuestros clientes de forma agil y con calidad, incoportamos mejoras de forma constante y de forma segura<br><\/p><\/div><\/div>\n\n\n\n<div class=\"wp-block-uagb-info-box uagb-block-385005f8 uagb-infobox__content-wrap  uagb-infobox-icon-above-title uagb-infobox-image-valign-top\"><div class=\"uagb-ifb-content\"><div class=\"uagb-ifb-title-wrap\"><h3 class=\"uagb-ifb-title\">4. Integridad y transparencia<\/h3><\/div><p class=\"uagb-ifb-desc\">La confianza de nuestos clientes es un componente cr\u00edtico, nuestros clientes conf\u00edan sus datos y procesos en nuestras soluciones por lo tanto operamos con integridad y transparencia&nbsp;para construir relaciones m\u00e1s s\u00f3lidas<br><\/p><\/div><\/div>\n\n\n\n<div class=\"wp-block-uagb-info-box uagb-block-f4a40262 uagb-infobox__content-wrap  uagb-infobox-icon-above-title uagb-infobox-image-valign-top\"><div class=\"uagb-ifb-content\"><div class=\"uagb-ifb-title-wrap\"><h3 class=\"uagb-ifb-title\">5. Pensamiento hol\u00edstico<\/h3><\/div><p class=\"uagb-ifb-desc\">Detr\u00e1s de cada necesidad hay soluciones que aportan al crecimiento de nuestros clientes, sus miembros, su ecosistema y nuestra empresa<br>La excelente calidad de nuestra soluci\u00f3n es nuestra mejor carta de presentaci\u00f3n, por ello debe estar acompa\u00f1ada de brindar el mejor servicio a nuestro clientes que garantice relaciones de largo plazo<br><\/p><\/div><\/div>\n<\/div>\n<\/div><\/div>\n\n\n\n<div class=\"wp-block-uagb-container uagb-block-3e525422 alignfull uagb-is-root-container\"><div class=\"uagb-container-inner-blocks-wrap\">\n<div class=\"wp-block-uagb-image alignleft uagb-block-661124e1 wp-block-uagb-image--layout-default wp-block-uagb-image--effect-static wp-block-uagb-image--align-left\"><figure class=\"wp-block-uagb-image__figure\"><img decoding=\"async\" srcset=\"https:\/\/cluubi.com\/wp-content\/uploads\/2024\/06\/foto.pau_.jpg ,https:\/\/cluubi.com\/wp-content\/uploads\/2024\/06\/foto.pau_.jpg 780w, https:\/\/cluubi.com\/wp-content\/uploads\/2024\/06\/foto.pau_.jpg 360w\" sizes=\"(max-width: 480px) 150px\" src=\"https:\/\/cluubi.com\/wp-content\/uploads\/2024\/06\/foto.pau_.jpg\" alt=\"\" class=\"uag-image-913\" width=\"481\" height=\"500\" title=\"\" loading=\"lazy\" role=\"img\"\/><\/figure><\/div>\n\n\n\n<div class=\"wp-block-uagb-container uagb-block-15bb3b6b\">\n<div class=\"wp-block-uagb-info-box uagb-block-0c90adf6 uagb-infobox__content-wrap  uagb-infobox-icon-above-title uagb-infobox-image-valign-top\"><div class=\"uagb-ifb-content\"><div class=\"uagb-ifb-title-wrap\"><h2 class=\"uagb-ifb-title\">Construyendo un legado deportivo<\/h2><\/div><div class=\"uagb-ifb-separator\"><\/div><\/div><\/div>\n\n\n\n<div class=\"wp-block-uagb-advanced-heading uagb-block-8ac89c35\"><p class=\"uagb-heading-text\">Desde nuestro inicio, hemos incorporado la experiencia de profesionales en aministraci\u00f3n deportiva y apoyado el progreso de academias y clubes deportivos.<\/p><p class=\"uagb-desc-text\">Hemos cosechado \u00e9xitos permitiendo la eficiencia operativa de diversas instituciones deportivas con nuestra plataforma tecnol\u00f3gica.<\/p><\/div>\n<\/div>\n<\/div><\/div>\n\n\n\n<div class=\"wp-block-uagb-container uagb-block-0d92c2ce alignfull uagb-is-root-container\"><div class=\"uagb-container-inner-blocks-wrap\">\n<div class=\"wp-block-group is-nowrap is-layout-flex wp-container-core-group-is-layout-1 wp-block-group-is-layout-flex\">\n<div class=\"wp-block-uagb-info-box uagb-block-c89b8a91 uagb-infobox__content-wrap  uagb-infobox-icon-above-title uagb-infobox-image-valign-top wp-block-uagb-info-box--has-margin\"><div class=\"uagb-infobox-margin-wrapper\"><div class=\"uagb-ifb-content\"><div class=\"uagb-ifb-title-wrap\"><span class=\"uagb-ifb-title-prefix\">Potencia tu Gesti\u00f3n Deportiva<\/span><h3 class=\"uagb-ifb-title\">Lleva tu Programa Deportivo al Siguiente Nivel<\/h3><\/div><p class=\"uagb-ifb-desc\">\u00danete a cluubi hoy y descubre c\u00f3mo nuestra plataforma puede transformar la gesti\u00f3n de tu club o escuela de deporte.<\/p><div class=\"uagb-ifb-button-wrapper wp-block-button\"><a href=\"\/en\/contact\/\" class=\"uagb-infobox-cta-link wp-block-button__link\" target=\"_self\" rel=\"noopener noreferrer\" onclick=\"return true;\"><span class=\"uagb-inline-editing\">Join now<\/span><\/a><\/div><\/div><\/div><\/div>\n<\/div>\n\n\n\n<div class=\"wp-block-group is-nowrap is-layout-flex wp-container-core-group-is-layout-2 wp-block-group-is-layout-flex\">\n<div class=\"wp-block-uagb-info-box uagb-block-6c904efa uagb-infobox__content-wrap  uagb-infobox-icon-above-title uagb-infobox-image-valign-top wp-block-uagb-info-box--has-margin\"><div class=\"uagb-infobox-margin-wrapper\"><div class=\"uagb-ifb-content\"><div class=\"uagb-ifb-image-content\"><img decoding=\"async\" src=\"https:\/\/cluubi.com\/wp-content\/uploads\/2024\/08\/googleplay2-300x116.png\" alt=\"\" width=\"\" height=\"0\" loading=\"lazy\"\/><\/div><div class=\"uagb-ifb-title-wrap\"><span class=\"uagb-ifb-title-prefix\">Obten la app en Google play<\/span><\/div><div class=\"uagb-ifb-button-wrapper wp-block-button\"><a href=\"https:\/\/play.google.com\/store\/apps\/details?id=com.app.cluubi&amp;hl=es_419\" class=\"uagb-infobox-cta-link wp-block-button__link\" target=\"_self\" rel=\"noopener noreferrer\" onclick=\"return true;\"><span class=\"uagb-inline-editing\">DESCARGA AHORA <\/span><\/a><\/div><\/div><\/div><\/div>\n\n\n\n<div class=\"wp-block-uagb-info-box uagb-block-dbde4be2 uagb-infobox__content-wrap  uagb-infobox-icon-above-title uagb-infobox-image-valign-top wp-block-uagb-info-box--has-margin\"><div class=\"uagb-infobox-margin-wrapper\"><div class=\"uagb-ifb-content\"><div class=\"uagb-ifb-image-content\"><img decoding=\"async\" src=\"https:\/\/cluubi.com\/wp-content\/uploads\/2025\/01\/appstore_logo-300x100.png\" alt=\"\" width=\"\" height=\"0\" loading=\"lazy\"\/><\/div><div class=\"uagb-ifb-title-wrap\"><span class=\"uagb-ifb-title-prefix\">Obten la app en App store<\/span><\/div><div class=\"uagb-ifb-button-wrapper wp-block-button\"><a href=\"https:\/\/apps.apple.com\/app\/cluubi\/id6740657413\" class=\"uagb-infobox-cta-link wp-block-button__link\" target=\"_self\" rel=\"noopener noreferrer\" onclick=\"return true;\"><span class=\"uagb-inline-editing\">DESCARGA AHORA<\/span><\/a><\/div><\/div><\/div><\/div>\n<\/div>\n<\/div><\/div>","protected":false},"excerpt":{"rendered":"<p>Desde nuestro inicio, hemos incorporado la experiencia de profesionales en aministraci\u00f3n deportiva y apoyado el progreso de academias y clubes [&hellip;]<\/p>\n","protected":false},"author":1,"featured_media":0,"parent":0,"menu_order":0,"comment_status":"closed","ping_status":"closed","template":"","meta":{"_uag_custom_page_level_css":"","_monsterinsights_skip_tracking":false,"_monsterinsights_sitenote_active":false,"_monsterinsights_sitenote_note":"","_monsterinsights_sitenote_category":0,"site-sidebar-layout":"default","site-content-layout":"","ast-site-content-layout":"","site-content-style":"default","site-sidebar-style":"default","ast-global-header-display":"","ast-banner-title-visibility":"","ast-main-header-display":"","ast-hfb-above-header-display":"","ast-hfb-below-header-display":"","ast-hfb-mobile-header-display":"","site-post-title":"disabled","ast-breadcrumbs-content":"","ast-featured-img":"","footer-sml-layout":"","theme-transparent-header-meta":"enabled","adv-header-id-meta":"","stick-header-meta":"","header-above-stick-meta":"","header-main-stick-meta":"","header-below-stick-meta":"","astra-migrate-meta-layouts":"default","ast-page-background-enabled":"default","ast-page-background-meta":{"desktop":{"background-color":"var(--ast-global-color-4)","background-image":"","background-repeat":"repeat","background-position":"center center","background-size":"auto","background-attachment":"scroll","background-type":"","background-media":"","overlay-type":"","overlay-color":"","overlay-opacity":"","overlay-gradient":""},"tablet":{"background-color":"","background-image":"","background-repeat":"repeat","background-position":"center center","background-size":"auto","background-attachment":"scroll","background-type":"","background-media":"","overlay-type":"","overlay-color":"","overlay-opacity":"","overlay-gradient":""},"mobile":{"background-color":"","background-image":"","background-repeat":"repeat","background-position":"center center","background-size":"auto","background-attachment":"scroll","background-type":"","background-media":"","overlay-type":"","overlay-color":"","overlay-opacity":"","overlay-gradient":""}},"ast-content-background-meta":{"desktop":{"background-color":"var(--ast-global-color-5)","background-image":"","background-repeat":"repeat","background-position":"center center","background-size":"auto","background-attachment":"scroll","background-type":"","background-media":"","overlay-type":"","overlay-color":"","overlay-opacity":"","overlay-gradient":""},"tablet":{"background-color":"var(--ast-global-color-5)","background-image":"","background-repeat":"repeat","background-position":"center center","background-size":"auto","background-attachment":"scroll","background-type":"","background-media":"","overlay-type":"","overlay-color":"","overlay-opacity":"","overlay-gradient":""},"mobile":{"background-color":"var(--ast-global-color-5)","background-image":"","background-repeat":"repeat","background-position":"center center","background-size":"auto","background-attachment":"scroll","background-type":"","background-media":"","overlay-type":"","overlay-color":"","overlay-opacity":"","overlay-gradient":""}},"footnotes":""},"class_list":["post-995","page","type-page","status-publish","hentry"],"aioseo_notices":[],"uagb_featured_image_src":{"full":false,"thumbnail":false,"medium":false,"medium_large":false,"large":false,"1536x1536":false,"2048x2048":false,"trp-custom-language-flag":false},"uagb_author_info":{"display_name":"cluubi.com","author_link":"https:\/\/cluubi.com\/en\/author\/teamspherex-com\/"},"uagb_comment_info":0,"uagb_excerpt":"Desde nuestro inicio, hemos incorporado la experiencia de profesionales en aministraci\u00f3n deportiva y apoyado el progreso de academias y clubes [&hellip;]","_links":{"self":[{"href":"https:\/\/cluubi.com\/en\/wp-json\/wp\/v2\/pages\/995"}],"collection":[{"href":"https:\/\/cluubi.com\/en\/wp-json\/wp\/v2\/pages"}],"about":[{"href":"https:\/\/cluubi.com\/en\/wp-json\/wp\/v2\/types\/page"}],"author":[{"embeddable":true,"href":"https:\/\/cluubi.com\/en\/wp-json\/wp\/v2\/users\/1"}],"replies":[{"embeddable":true,"href":"https:\/\/cluubi.com\/en\/wp-json\/wp\/v2\/comments?post=995"}],"version-history":[{"count":17,"href":"https:\/\/cluubi.com\/en\/wp-json\/wp\/v2\/pages\/995\/revisions"}],"predecessor-version":[{"id":1248,"href":"https:\/\/cluubi.com\/en\/wp-json\/wp\/v2\/pages\/995\/revisions\/1248"}],"wp:attachment":[{"href":"https:\/\/cluubi.com\/en\/wp-json\/wp\/v2\/media?parent=995"}],"curies":[{"name":"wp","href":"https:\/\/api.w.org\/{rel}","templated":true}]}}